{"id":84,"date":"2022-10-17T09:27:04","date_gmt":"2022-10-17T09:27:04","guid":{"rendered":"http:\/\/teszt.trendkft.hu\/?page_id=84"},"modified":"2022-10-17T09:27:04","modified_gmt":"2022-10-17T09:27:04","slug":"gazzal-segitett-froccsontes","status":"publish","type":"page","link":"http:\/\/www.trendkft.hu\/?page_id=84","title":{"rendered":"G\u00e1zzal seg\u00edtett fr\u00f6ccs\u00f6nt\u00e9s"},"content":{"rendered":"<p>\u00dczem\u00fcnkben lehet\u0151s\u00e9g van g\u00e1zzal seg\u00edtett fr\u00f6ccs\u00f6nt\u00e9ssel el\u0151\u00e1ll\u00edtott vastagfal\u00fa term\u00e9kek gy\u00e1rt\u00e1s\u00e1ra is . A g\u00e1z alkalmaz\u00e1s\u00e1val cs\u00f6kkenthet\u0151 a term\u00e9k t\u00f6mege, ciklusideje, jav\u00edthat\u00f3 a term\u00e9k min\u0151s\u00e9ge, eszt\u00e9tikai megjelen\u00e9se, mindemellett k\u00f6lts\u00e9gmegtakar\u00edt\u00e1s is el\u00e9rhet\u0151. Bels\u0151 \u00fcregeket tartalmaz\u00f3, vastag fal\u00fa term\u00e9kek (kilincsek, foganty\u00fak, ped\u00e1lok, karok) gy\u00e1rt\u00e1s\u00e1hoz alkalmazzuk a g\u00e1z ellennyom\u00e1sos fr\u00f6ccs\u00f6nt\u00e9st, melyben t\u00f6bb mint t\u00edz\u00e9ves tapasztalat \u00e1ll rendelkez\u00e9s\u00fcnkre konstrukci\u00f3tervez\u00e9s, szersz\u00e1moz\u00e1s \u00e9s gy\u00e1rt\u00e1s ter\u00fclet\u00e9n egyar\u00e1nt.<\/p>\n<p><img loading=\"lazy\" class=\"aligncenter wp-image-85 size-full\" src=\"http:\/\/teszt.trendkft.hu\/wp-content\/uploads\/2022\/10\/kollazs_gaz_froccsontes.png\" alt=\"\" width=\"599\" height=\"237\" srcset=\"http:\/\/www.trendkft.hu\/wp-content\/uploads\/2022\/10\/kollazs_gaz_froccsontes.png 599w, http:\/\/www.trendkft.hu\/wp-content\/uploads\/2022\/10\/kollazs_gaz_froccsontes-300x119.png 300w\" sizes=\"(max-width: 599px) 100vw, 599px\" \/><\/p>\n","protected":false},"excerpt":{"rendered":"<p>\u00dczem\u00fcnkben lehet\u0151s\u00e9g van g\u00e1zzal seg\u00edtett fr\u00f6ccs\u00f6nt\u00e9ssel el\u0151\u00e1ll\u00edtott vastagfal\u00fa term\u00e9kek gy\u00e1rt\u00e1s\u00e1ra is . A g\u00e1z alkalmaz\u00e1s\u00e1val cs\u00f6kkenthet\u0151 a term\u00e9k t\u00f6mege, ciklusideje, jav\u00edthat\u00f3 a term\u00e9k min\u0151s\u00e9ge, eszt\u00e9tikai megjelen\u00e9se, mindemellett k\u00f6lts\u00e9gmegtakar\u00edt\u00e1s is el\u00e9rhet\u0151. Bels\u0151 \u00fcregeket tartalmaz\u00f3, vastag fal\u00fa term\u00e9kek (kilincsek, foganty\u00fak, ped\u00e1lok, karok) gy\u00e1rt\u00e1s\u00e1hoz alkalmazzuk a g\u00e1z ellennyom\u00e1sos fr\u00f6ccs\u00f6nt\u00e9st, melyben t\u00f6bb mint t\u00edz\u00e9ves tapasztalat \u00e1ll rendelkez\u00e9s\u00fcnkre konstrukci\u00f3tervez\u00e9s, szersz\u00e1moz\u00e1s [&hellip;]<\/p>\n","protected":false},"author":1,"featured_media":0,"parent":0,"menu_order":0,"comment_status":"closed","ping_status":"closed","template":"","meta":{"ngg_post_thumbnail":0},"_links":{"self":[{"href":"http:\/\/www.trendkft.hu\/index.php?rest_route=\/wp\/v2\/pages\/84"}],"collection":[{"href":"http:\/\/www.trendkft.hu\/index.php?rest_route=\/wp\/v2\/pages"}],"about":[{"href":"http:\/\/www.trendkft.hu\/index.php?rest_route=\/wp\/v2\/types\/page"}],"author":[{"embeddable":true,"href":"http:\/\/www.trendkft.hu\/index.php?rest_route=\/wp\/v2\/users\/1"}],"replies":[{"embeddable":true,"href":"http:\/\/www.trendkft.hu\/index.php?rest_route=%2Fwp%2Fv2%2Fcomments&post=84"}],"version-history":[{"count":1,"href":"http:\/\/www.trendkft.hu\/index.php?rest_route=\/wp\/v2\/pages\/84\/revisions"}],"predecessor-version":[{"id":86,"href":"http:\/\/www.trendkft.hu\/index.php?rest_route=\/wp\/v2\/pages\/84\/revisions\/86"}],"wp:attachment":[{"href":"http:\/\/www.trendkft.hu\/index.php?rest_route=%2Fwp%2Fv2%2Fmedia&parent=84"}],"curies":[{"name":"wp","href":"https:\/\/api.w.org\/{rel}","templated":true}]}}