{"id":62,"date":"2022-10-17T08:57:42","date_gmt":"2022-10-17T08:57:42","guid":{"rendered":"http:\/\/teszt.trendkft.hu\/?page_id=62"},"modified":"2022-10-17T08:58:02","modified_gmt":"2022-10-17T08:58:02","slug":"tervezes","status":"publish","type":"page","link":"http:\/\/www.trendkft.hu\/?page_id=62","title":{"rendered":"Tervez\u00e9s"},"content":{"rendered":"<p>Szersz\u00e1m\u00fczem\u00fcnk a legmodernebb tervez\u0151programokkal <strong>Unigraphics<\/strong>, <strong>Solid Edge<\/strong>, <strong>TopSolid<\/strong>,<strong> PowerMill<\/strong>valamint korszer\u0171 CNC- \u00e9s egy\u00e9b f\u00e9mmegmunk\u00e1l\u00f3 g\u00e9pekkel van felszerelve, kiv\u00e1l\u00f3 szakemberekkel, ahol minden adott egy fr\u00f6ccs\u00f6nt\u0151-, extr\u00fader-, habos\u00edt\u00f3- \u00e9s egy\u00e9b szersz\u00e1m \u00e9s c\u00e9lg\u00e9p megtervez\u00e9s\u00e9hez, elk\u00e9sz\u00edt\u00e9s\u00e9hez, jav\u00edt\u00e1s\u00e1hoz \u00e9s karbantart\u00e1s\u00e1hoz. R\u00f6vid hat\u00e1rid\u0151vel, magas sz\u00ednvonalon dolgozunk.<\/p>\n<p><img loading=\"lazy\" class=\"aligncenter wp-image-63 size-full\" src=\"http:\/\/teszt.trendkft.hu\/wp-content\/uploads\/2022\/10\/kollazs_cad.png\" alt=\"\" width=\"700\" height=\"525\" srcset=\"http:\/\/www.trendkft.hu\/wp-content\/uploads\/2022\/10\/kollazs_cad.png 700w, http:\/\/www.trendkft.hu\/wp-content\/uploads\/2022\/10\/kollazs_cad-300x225.png 300w\" sizes=\"(max-width: 700px) 100vw, 700px\" \/><\/p>\n","protected":false},"excerpt":{"rendered":"<p>Szersz\u00e1m\u00fczem\u00fcnk a legmodernebb tervez\u0151programokkal Unigraphics, Solid Edge, TopSolid, PowerMillvalamint korszer\u0171 CNC- \u00e9s egy\u00e9b f\u00e9mmegmunk\u00e1l\u00f3 g\u00e9pekkel van felszerelve, kiv\u00e1l\u00f3 szakemberekkel, ahol minden adott egy fr\u00f6ccs\u00f6nt\u0151-, extr\u00fader-, habos\u00edt\u00f3- \u00e9s egy\u00e9b szersz\u00e1m \u00e9s c\u00e9lg\u00e9p megtervez\u00e9s\u00e9hez, elk\u00e9sz\u00edt\u00e9s\u00e9hez, jav\u00edt\u00e1s\u00e1hoz \u00e9s karbantart\u00e1s\u00e1hoz. R\u00f6vid hat\u00e1rid\u0151vel, magas sz\u00ednvonalon dolgozunk.<\/p>\n","protected":false},"author":1,"featured_media":0,"parent":0,"menu_order":0,"comment_status":"closed","ping_status":"closed","template":"","meta":{"ngg_post_thumbnail":0},"_links":{"self":[{"href":"http:\/\/www.trendkft.hu\/index.php?rest_route=\/wp\/v2\/pages\/62"}],"collection":[{"href":"http:\/\/www.trendkft.hu\/index.php?rest_route=\/wp\/v2\/pages"}],"about":[{"href":"http:\/\/www.trendkft.hu\/index.php?rest_route=\/wp\/v2\/types\/page"}],"author":[{"embeddable":true,"href":"http:\/\/www.trendkft.hu\/index.php?rest_route=\/wp\/v2\/users\/1"}],"replies":[{"embeddable":true,"href":"http:\/\/www.trendkft.hu\/index.php?rest_route=%2Fwp%2Fv2%2Fcomments&post=62"}],"version-history":[{"count":2,"href":"http:\/\/www.trendkft.hu\/index.php?rest_route=\/wp\/v2\/pages\/62\/revisions"}],"predecessor-version":[{"id":65,"href":"http:\/\/www.trendkft.hu\/index.php?rest_route=\/wp\/v2\/pages\/62\/revisions\/65"}],"wp:attachment":[{"href":"http:\/\/www.trendkft.hu\/index.php?rest_route=%2Fwp%2Fv2%2Fmedia&parent=62"}],"curies":[{"name":"wp","href":"https:\/\/api.w.org\/{rel}","templated":true}]}}