{"id":186,"date":"2022-10-17T12:37:39","date_gmt":"2022-10-17T12:37:39","guid":{"rendered":"http:\/\/teszt.trendkft.hu\/?page_id=186"},"modified":"2022-10-17T12:37:39","modified_gmt":"2022-10-17T12:37:39","slug":"gepeink","status":"publish","type":"page","link":"http:\/\/www.trendkft.hu\/?page_id=186","title":{"rendered":"G\u00e9peink"},"content":{"rendered":"<p>Jelenleg az al\u00e1bbi g\u00e9pekkel \u00e1llunk megrendel\u0151ink rendelkez\u00e9s\u00e9re.<\/p>\n<div align=\"center\">\n<table border=\"1\" cellspacing=\"1\" cellpadding=\"3\" align=\"center\">\n<tbody>\n<tr>\n<td bgcolor=\"#cccccc\">\u00a0<strong>Megnevez\u00e9s<\/strong><\/td>\n<td bgcolor=\"#cccccc\">\u00a0<strong>Mennyis\u00e9g<\/strong><\/td>\n<\/tr>\n<tr>\n<td>FNGJ Egyetemes mar\u00f3g\u00e9p<\/td>\n<td>1 db<\/td>\n<\/tr>\n<tr>\n<td>V\u00edzszintes f\u00far\u00f3-mar\u00f3m\u0171<\/td>\n<td>1 db<\/td>\n<\/tr>\n<tr>\n<td>S\u00edkk\u00f6sz\u00f6r\u0171<\/td>\n<td>2 db<\/td>\n<\/tr>\n<tr>\n<td>Pal\u00e1stk\u00f6sz\u00f6r\u0171<\/td>\n<td>2 db<\/td>\n<\/tr>\n<tr>\n<td>Idomk\u00f6sz\u00f6r\u0171<\/td>\n<td>2 db<\/td>\n<\/tr>\n<tr>\n<td>Esztergag\u00e9p<\/td>\n<td>2 db<\/td>\n<\/tr>\n<tr>\n<td>NC Esztergag\u00e9p<\/td>\n<td>1 db<\/td>\n<\/tr>\n<tr>\n<td>DMU 50 CNC Mar\u00f3g\u00e9p 3D<\/td>\n<td>1 db<\/td>\n<\/tr>\n<tr>\n<td>DMU 100 CNC Mar\u00f3g\u00e9p 3D<\/td>\n<td>1 db<\/td>\n<\/tr>\n<tr>\n<td>Mitsubishi Huzalszikraforg\u00e1csol\u00f3 \/CNC\/<\/td>\n<td>1 db<\/td>\n<\/tr>\n<tr>\n<td>Ingersoll T\u00f6mbszikraforg\u00e1csol\u00f3 \/CNC\/<\/td>\n<td>1 db<\/td>\n<\/tr>\n<tr>\n<td>Hagyom\u00e1nyos T\u00f6mbszikraforg\u00e1csol\u00f3<\/td>\n<td>1 db<\/td>\n<\/tr>\n<tr>\n<td>R\u00f6ders 5D CNC Mar\u00f3g\u00e9p<\/td>\n<td>1 db<\/td>\n<\/tr>\n<tr>\n<td>L\u00e9zerhegeszt\u0151g\u00e9p<\/td>\n<td>1 db<\/td>\n<\/tr>\n<tr>\n<td>Darabol\u00f3 f\u0171r\u00e9szg\u00e9p<\/td>\n<td>1 db<\/td>\n<\/tr>\n<\/tbody>\n<\/table>\n<\/div>\n","protected":false},"excerpt":{"rendered":"<p>Jelenleg az al\u00e1bbi g\u00e9pekkel \u00e1llunk megrendel\u0151ink rendelkez\u00e9s\u00e9re. \u00a0Megnevez\u00e9s \u00a0Mennyis\u00e9g FNGJ Egyetemes mar\u00f3g\u00e9p 1 db V\u00edzszintes f\u00far\u00f3-mar\u00f3m\u0171 1 db S\u00edkk\u00f6sz\u00f6r\u0171 2 db Pal\u00e1stk\u00f6sz\u00f6r\u0171 2 db Idomk\u00f6sz\u00f6r\u0171 2 db Esztergag\u00e9p 2 db NC Esztergag\u00e9p 1 db DMU 50 CNC Mar\u00f3g\u00e9p 3D 1 db DMU 100 CNC Mar\u00f3g\u00e9p 3D 1 db Mitsubishi Huzalszikraforg\u00e1csol\u00f3 \/CNC\/ 1 db Ingersoll T\u00f6mbszikraforg\u00e1csol\u00f3 [&hellip;]<\/p>\n","protected":false},"author":1,"featured_media":0,"parent":0,"menu_order":0,"comment_status":"closed","ping_status":"closed","template":"","meta":{"ngg_post_thumbnail":0},"_links":{"self":[{"href":"http:\/\/www.trendkft.hu\/index.php?rest_route=\/wp\/v2\/pages\/186"}],"collection":[{"href":"http:\/\/www.trendkft.hu\/index.php?rest_route=\/wp\/v2\/pages"}],"about":[{"href":"http:\/\/www.trendkft.hu\/index.php?rest_route=\/wp\/v2\/types\/page"}],"author":[{"embeddable":true,"href":"http:\/\/www.trendkft.hu\/index.php?rest_route=\/wp\/v2\/users\/1"}],"replies":[{"embeddable":true,"href":"http:\/\/www.trendkft.hu\/index.php?rest_route=%2Fwp%2Fv2%2Fcomments&post=186"}],"version-history":[{"count":1,"href":"http:\/\/www.trendkft.hu\/index.php?rest_route=\/wp\/v2\/pages\/186\/revisions"}],"predecessor-version":[{"id":187,"href":"http:\/\/www.trendkft.hu\/index.php?rest_route=\/wp\/v2\/pages\/186\/revisions\/187"}],"wp:attachment":[{"href":"http:\/\/www.trendkft.hu\/index.php?rest_route=%2Fwp%2Fv2%2Fmedia&parent=186"}],"curies":[{"name":"wp","href":"https:\/\/api.w.org\/{rel}","templated":true}]}}