{"id":129,"date":"2022-10-17T11:49:47","date_gmt":"2022-10-17T11:49:47","guid":{"rendered":"http:\/\/teszt.trendkft.hu\/?page_id=129"},"modified":"2022-10-17T11:49:47","modified_gmt":"2022-10-17T11:49:47","slug":"szerszamgyartas","status":"publish","type":"page","link":"http:\/\/www.trendkft.hu\/?page_id=129","title":{"rendered":"Szersz\u00e1mgy\u00e1rt\u00e1s"},"content":{"rendered":"<p>Szersz\u00e1m\u00fczem\u00fcnk a legmodernebb tervez\u0151programokkal <strong>Unigraphics, Solid Edge, TopSolid, PowerMill<\/strong>, valamint korszer\u0171 CNC- \u00e9s egy\u00e9b f\u00e9mmegmunk\u00e1l\u00f3 g\u00e9pekkel van felszerelve, kiv\u00e1l\u00f3 szakemberekkel, ahol minden adott egy fr\u00f6ccs\u00f6nt\u0151-, extr\u00fader-, habos\u00edt\u00f3- \u00e9s egy\u00e9b szersz\u00e1m \u00e9s c\u00e9lg\u00e9p megtervez\u00e9s\u00e9hez, elk\u00e9sz\u00edt\u00e9s\u00e9hez, jav\u00edt\u00e1s\u00e1hoz \u00e9s karbantart\u00e1s\u00e1hoz. R\u00f6vid hat\u00e1rid\u0151vel, magas sz\u00ednvonalon dolgozunk. Nagyban gyors\u00edtja a k\u00edv\u00e1nt k\u00e9szterm\u00e9k el\u00e9r\u00e9s\u00e9nek folyamat\u00e1t a szersz\u00e1m- \u00e9s fr\u00f6ccs\u00fczem t\u00e9rbeli k\u00f6zels\u00e9ge, rugalmass\u00e1ga.<\/p>\n<p><img loading=\"lazy\" class=\"aligncenter wp-image-130 size-full\" src=\"http:\/\/teszt.trendkft.hu\/wp-content\/uploads\/2022\/10\/kollazs_szerszamuzem.png\" alt=\"\" width=\"600\" height=\"800\" srcset=\"http:\/\/www.trendkft.hu\/wp-content\/uploads\/2022\/10\/kollazs_szerszamuzem.png 600w, http:\/\/www.trendkft.hu\/wp-content\/uploads\/2022\/10\/kollazs_szerszamuzem-225x300.png 225w\" sizes=\"(max-width: 600px) 100vw, 600px\" \/><\/p>\n","protected":false},"excerpt":{"rendered":"<p>Szersz\u00e1m\u00fczem\u00fcnk a legmodernebb tervez\u0151programokkal Unigraphics, Solid Edge, TopSolid, PowerMill, valamint korszer\u0171 CNC- \u00e9s egy\u00e9b f\u00e9mmegmunk\u00e1l\u00f3 g\u00e9pekkel van felszerelve, kiv\u00e1l\u00f3 szakemberekkel, ahol minden adott egy fr\u00f6ccs\u00f6nt\u0151-, extr\u00fader-, habos\u00edt\u00f3- \u00e9s egy\u00e9b szersz\u00e1m \u00e9s c\u00e9lg\u00e9p megtervez\u00e9s\u00e9hez, elk\u00e9sz\u00edt\u00e9s\u00e9hez, jav\u00edt\u00e1s\u00e1hoz \u00e9s karbantart\u00e1s\u00e1hoz. R\u00f6vid hat\u00e1rid\u0151vel, magas sz\u00ednvonalon dolgozunk. Nagyban gyors\u00edtja a k\u00edv\u00e1nt k\u00e9szterm\u00e9k el\u00e9r\u00e9s\u00e9nek folyamat\u00e1t a szersz\u00e1m- \u00e9s fr\u00f6ccs\u00fczem t\u00e9rbeli k\u00f6zels\u00e9ge, [&hellip;]<\/p>\n","protected":false},"author":1,"featured_media":0,"parent":0,"menu_order":0,"comment_status":"closed","ping_status":"closed","template":"","meta":{"ngg_post_thumbnail":0},"_links":{"self":[{"href":"http:\/\/www.trendkft.hu\/index.php?rest_route=\/wp\/v2\/pages\/129"}],"collection":[{"href":"http:\/\/www.trendkft.hu\/index.php?rest_route=\/wp\/v2\/pages"}],"about":[{"href":"http:\/\/www.trendkft.hu\/index.php?rest_route=\/wp\/v2\/types\/page"}],"author":[{"embeddable":true,"href":"http:\/\/www.trendkft.hu\/index.php?rest_route=\/wp\/v2\/users\/1"}],"replies":[{"embeddable":true,"href":"http:\/\/www.trendkft.hu\/index.php?rest_route=%2Fwp%2Fv2%2Fcomments&post=129"}],"version-history":[{"count":1,"href":"http:\/\/www.trendkft.hu\/index.php?rest_route=\/wp\/v2\/pages\/129\/revisions"}],"predecessor-version":[{"id":131,"href":"http:\/\/www.trendkft.hu\/index.php?rest_route=\/wp\/v2\/pages\/129\/revisions\/131"}],"wp:attachment":[{"href":"http:\/\/www.trendkft.hu\/index.php?rest_route=%2Fwp%2Fv2%2Fmedia&parent=129"}],"curies":[{"name":"wp","href":"https:\/\/api.w.org\/{rel}","templated":true}]}}