{"id":120,"date":"2022-10-17T11:44:29","date_gmt":"2022-10-17T11:44:29","guid":{"rendered":"http:\/\/teszt.trendkft.hu\/?page_id=120"},"modified":"2022-10-17T11:44:29","modified_gmt":"2022-10-17T11:44:29","slug":"means-of-production","status":"publish","type":"page","link":"http:\/\/www.trendkft.hu\/?page_id=120&lang=en","title":{"rendered":"Means of Production"},"content":{"rendered":"<div align=\"center\">\n<table border=\"1\" width=\"600\" cellspacing=\"0\" cellpadding=\"3\">\n<tbody>\n<tr>\n<td bgcolor=\"#cccccc\"><strong>G\u00e9pt\u00edpus<\/strong><\/td>\n<td bgcolor=\"#cccccc\"><strong>G\u00e9p m\u00e9ter<\/strong><\/td>\n<td bgcolor=\"#cccccc\"><strong>T\u00f6bbletszolg\u00e1ltat\u00e1s<\/strong><\/td>\n<td bgcolor=\"#cccccc\"><strong>Mennyis\u00e9g<\/strong><\/td>\n<\/tr>\n<tr>\n<td>Engel<\/td>\n<td>ES 80\/20 HLS<\/td>\n<td><\/td>\n<td>1<\/td>\n<\/tr>\n<tr>\n<td>Engel<\/td>\n<td>ES 80\/25 HLS<\/td>\n<td><\/td>\n<td>1<\/td>\n<\/tr>\n<tr>\n<td>Engel<\/td>\n<td>ES 80\/25 HL-V<\/td>\n<td><\/td>\n<td>2<\/td>\n<\/tr>\n<tr>\n<td>Engel<\/td>\n<td>ES 200\/40 HLS<\/td>\n<td><\/td>\n<td>3<\/td>\n<\/tr>\n<tr>\n<td>Engel<\/td>\n<td>ES 200\/45 HLS<\/td>\n<td><\/td>\n<td>1<\/td>\n<\/tr>\n<tr>\n<td>Engel<\/td>\n<td>ES 200\/45 HL-V<\/td>\n<td><\/td>\n<td>3<\/td>\n<\/tr>\n<tr>\n<td>Engel<\/td>\n<td>ES 200\/50 HL<\/td>\n<td><\/td>\n<td>1<\/td>\n<\/tr>\n<tr>\n<td>Engel<\/td>\n<td>ES 330\/75 HL-V<\/td>\n<td><\/td>\n<td>3<\/td>\n<\/tr>\n<tr>\n<td>Engel<\/td>\n<td>ES 330\/80 HLS<\/td>\n<td>Gasmelt option<\/td>\n<td>3<\/td>\n<\/tr>\n<tr>\n<td>Engel<\/td>\n<td>VICTORY 330\/80 Phoenix<\/td>\n<td><\/td>\n<td>2<\/td>\n<\/tr>\n<tr>\n<td>Engel<\/td>\n<td>ES 500\/100 HLS<\/td>\n<td><\/td>\n<td>1<\/td>\n<\/tr>\n<tr>\n<td>Engel<\/td>\n<td>ES 500\/110 HL-V<\/td>\n<td>Gasmelt option<\/td>\n<td>6<\/td>\n<\/tr>\n<tr>\n<td>Engel<\/td>\n<td>VICTORY 500\/120<\/td>\n<td>Phoenix<\/td>\n<td>2<\/td>\n<\/tr>\n<tr>\n<td>Engel<\/td>\n<td>VICTORY 330\/130<\/td>\n<td>Power ERC robot option<\/td>\n<td>3<\/td>\n<\/tr>\n<tr>\n<td>Engel<\/td>\n<td>1050\/150 TECH<\/td>\n<td>Gasmelt and ERC robot options<\/td>\n<td>2<\/td>\n<\/tr>\n<tr>\n<td>Engel<\/td>\n<td>ES 650\/175 HL<\/td>\n<td>ERC robot option<\/td>\n<td>2<\/td>\n<\/tr>\n<tr>\n<td>Engel<\/td>\n<td>EL 1050\/175 HLST<\/td>\n<td><\/td>\n<td>1<\/td>\n<\/tr>\n<tr>\n<td>Engel<\/td>\n<td>ES 1000\/225 ST<\/td>\n<td><\/td>\n<td>1<\/td>\n<\/tr>\n<tr>\n<td>Engel<\/td>\n<td>ES 1350\/250 HL<\/td>\n<td><\/td>\n<td>1<\/td>\n<\/tr>\n<tr>\n<td>Engel<\/td>\n<td>ES 1800\/275 HLST<\/td>\n<td><\/td>\n<td>1<\/td>\n<\/tr>\n<tr>\n<td>Engel<\/td>\n<td>ES 1800\/300 HLST<\/td>\n<td><\/td>\n<td>5<\/td>\n<\/tr>\n<tr>\n<td>Engel<\/td>\n<td>ES 1800\/300 HL-V<\/td>\n<td>HLI robot option<\/td>\n<td>6<\/td>\n<\/tr>\n<tr>\n<td>Engel<\/td>\n<td>ES 2550\/400 HL<\/td>\n<td>ERC robot option<\/td>\n<td>4<\/td>\n<\/tr>\n<tr>\n<td>Engel<\/td>\n<td>DUO 4550\/650<\/td>\n<td>ERC robot option<\/td>\n<td>2<\/td>\n<\/tr>\n<tr>\n<td>Engel<\/td>\n<td>DUO 5550\/800<\/td>\n<td>ERC robot option<\/td>\n<td>1<\/td>\n<\/tr>\n<tr>\n<td><strong>Altogether:<\/strong><\/td>\n<td><\/td>\n<td><\/td>\n<td><strong>58<\/strong><\/td>\n<\/tr>\n<\/tbody>\n<\/table>\n<\/div>\n<p>&nbsp;<\/p>\n","protected":false},"excerpt":{"rendered":"<p>G\u00e9pt\u00edpus G\u00e9p m\u00e9ter T\u00f6bbletszolg\u00e1ltat\u00e1s Mennyis\u00e9g Engel ES 80\/20 HLS 1 Engel ES 80\/25 HLS 1 Engel ES 80\/25 HL-V 2 Engel ES 200\/40 HLS 3 Engel ES 200\/45 HLS 1 Engel ES 200\/45 HL-V 3 Engel ES 200\/50 HL 1 Engel ES 330\/75 HL-V 3 Engel ES 330\/80 HLS Gasmelt option 3 Engel VICTORY 330\/80 [&hellip;]<\/p>\n","protected":false},"author":1,"featured_media":0,"parent":0,"menu_order":0,"comment_status":"closed","ping_status":"closed","template":"","meta":{"ngg_post_thumbnail":0},"_links":{"self":[{"href":"http:\/\/www.trendkft.hu\/index.php?rest_route=\/wp\/v2\/pages\/120"}],"collection":[{"href":"http:\/\/www.trendkft.hu\/index.php?rest_route=\/wp\/v2\/pages"}],"about":[{"href":"http:\/\/www.trendkft.hu\/index.php?rest_route=\/wp\/v2\/types\/page"}],"author":[{"embeddable":true,"href":"http:\/\/www.trendkft.hu\/index.php?rest_route=\/wp\/v2\/users\/1"}],"replies":[{"embeddable":true,"href":"http:\/\/www.trendkft.hu\/index.php?rest_route=%2Fwp%2Fv2%2Fcomments&post=120"}],"version-history":[{"count":1,"href":"http:\/\/www.trendkft.hu\/index.php?rest_route=\/wp\/v2\/pages\/120\/revisions"}],"predecessor-version":[{"id":121,"href":"http:\/\/www.trendkft.hu\/index.php?rest_route=\/wp\/v2\/pages\/120\/revisions\/121"}],"wp:attachment":[{"href":"http:\/\/www.trendkft.hu\/index.php?rest_route=%2Fwp%2Fv2%2Fmedia&parent=120"}],"curies":[{"name":"wp","href":"https:\/\/api.w.org\/{rel}","templated":true}]}}